{"id":7271,"date":"2021-10-24T09:37:26","date_gmt":"2021-10-24T09:37:26","guid":{"rendered":"http:\/\/dummy.xtemos.com\/woodmart2\/elementor\/?page_id=7271"},"modified":"2025-03-21T11:55:19","modified_gmt":"2025-03-21T11:55:19","slug":"home-coffee","status":"publish","type":"page","link":"https:\/\/www.ozerlat.com\/urunlerimiz\/","title":{"rendered":"Home Coffee"},"content":{"rendered":"\t\t<div data-elementor-type=\"wp-page\" data-elementor-id=\"7271\" class=\"elementor elementor-7271\" data-elementor-post-type=\"page\">\n\t\t\t\t<div class=\"elementor-element elementor-element-9bf03ce e-flex e-con-boxed wd-section-disabled e-con e-parent\" data-id=\"9bf03ce\" data-element_type=\"container\">\n\t\t\t\t\t<div class=\"e-con-inner\">\n\t\t\t\t<div class=\"elementor-element elementor-element-2d42b45 elementor-widget elementor-widget-spacer\" data-id=\"2d42b45\" data-element_type=\"widget\" data-widget_type=\"spacer.default\">\n\t\t\t\t<div class=\"elementor-widget-container\">\n\t\t\t\t\t\t\t<div class=\"elementor-spacer\">\n\t\t\t<div class=\"elementor-spacer-inner\"><\/div>\n\t\t<\/div>\n\t\t\t\t\t\t<\/div>\n\t\t\t\t<\/div>\n\t\t\t\t\t<\/div>\n\t\t\t\t<\/div>\n\t\t<div class=\"elementor-element elementor-element-623a226 e-flex e-con-boxed wd-section-disabled e-con e-parent\" data-id=\"623a226\" data-element_type=\"container\">\n\t\t\t\t\t<div class=\"e-con-inner\">\n\t\t<div class=\"elementor-element elementor-element-a9e4bdb e-con-full e-flex wd-section-disabled e-con e-child\" data-id=\"a9e4bdb\" data-element_type=\"container\">\n\t\t\t\t<div class=\"elementor-element elementor-element-23d1d70 elementor-widget elementor-widget-wd_mega_menu\" data-id=\"23d1d70\" data-element_type=\"widget\" data-widget_type=\"wd_mega_menu.default\">\n\t\t\t\t<div class=\"elementor-widget-container\">\n\t\t\t\t\t\t\t<div class=\"widget_nav_mega_menu\">\n\t\t\t\t\t\t\t<h5 class=\"widget-title color-scheme-\">\n\t\t\t\t\t\u00dcR\u00dcNLER\u0130M\u0130Z\t\t\t\t<\/h5>\n\t\t\t\t\t\t<ul id=\"menu-categories\" class=\"menu wd-nav wd-nav-vertical wd-design-default\"><li id=\"menu-item-15863\" class=\"menu-item menu-item-type-taxonomy menu-item-object-product_cat menu-item-15863 item-level-0 menu-simple-dropdown wd-event-hover\" ><a href=\"https:\/\/www.ozerlat.com\/urunlerimiz\/urun-kategori\/turk-kahvesi\/\" class=\"woodmart-nav-link\"><span class=\"nav-link-text\">T\u00fcrk Kahvesi<\/span><\/a><\/li>\n<li id=\"menu-item-15860\" class=\"menu-item menu-item-type-taxonomy menu-item-object-product_cat menu-item-15860 item-level-0 menu-simple-dropdown wd-event-hover\" ><a href=\"https:\/\/www.ozerlat.com\/urunlerimiz\/urun-kategori\/espresso\/\" class=\"woodmart-nav-link\"><span class=\"nav-link-text\">Espresso<\/span><\/a><\/li>\n<li id=\"menu-item-15861\" class=\"menu-item menu-item-type-taxonomy menu-item-object-product_cat menu-item-15861 item-level-0 menu-simple-dropdown wd-event-hover\" ><a href=\"https:\/\/www.ozerlat.com\/urunlerimiz\/urun-kategori\/filtre-kahve\/\" class=\"woodmart-nav-link\"><span class=\"nav-link-text\">Filtre Kahve<\/span><\/a><\/li>\n<li id=\"menu-item-15859\" class=\"menu-item menu-item-type-taxonomy menu-item-object-product_cat menu-item-15859 item-level-0 menu-simple-dropdown wd-event-hover\" ><a href=\"https:\/\/www.ozerlat.com\/urunlerimiz\/urun-kategori\/cay\/\" class=\"woodmart-nav-link\"><span class=\"nav-link-text\">\u00c7ay<\/span><\/a><\/li>\n<li id=\"menu-item-15862\" class=\"menu-item menu-item-type-taxonomy menu-item-object-product_cat menu-item-15862 item-level-0 menu-simple-dropdown wd-event-hover\" ><a href=\"https:\/\/www.ozerlat.com\/urunlerimiz\/urun-kategori\/kahve-aksesuarlari\/\" class=\"woodmart-nav-link\"><span class=\"nav-link-text\">Kahve Aksesuarlar\u0131<\/span><\/a><\/li>\n<\/ul>\t\t<\/div>\n\t\t\t\t\t\t<\/div>\n\t\t\t\t<\/div>\n\t\t\t\t<\/div>\n\t\t<div class=\"elementor-element elementor-element-9e2b40a e-con-full e-flex wd-section-disabled e-con e-child\" data-id=\"9e2b40a\" data-element_type=\"container\">\n\t\t\t\t<div class=\"elementor-element elementor-element-0f9ddf0 elementor-widget elementor-widget-wd_image_or_svg\" data-id=\"0f9ddf0\" data-element_type=\"widget\" data-widget_type=\"wd_image_or_svg.default\">\n\t\t\t\t<div class=\"elementor-widget-container\">\n\t\t\t\t\t\n\t\t<div class=\"wd-image text-left\">\n\t\t\t\t\t\t\t\t<img fetchpriority=\"high\" decoding=\"async\" width=\"2560\" height=\"1703\" src=\"https:\/\/www.ozerlat.com\/urunlerimiz\/wp-content\/uploads\/2024\/02\/ozerlat_ekim-61-scaled.jpg\" class=\"attachment-full size-full wp-image-15785\" alt=\"\" srcset=\"https:\/\/www.ozerlat.com\/urunlerimiz\/wp-content\/uploads\/2024\/02\/ozerlat_ekim-61-scaled.jpg 2560w, https:\/\/www.ozerlat.com\/urunlerimiz\/wp-content\/uploads\/2024\/02\/ozerlat_ekim-61-400x266.jpg 400w, https:\/\/www.ozerlat.com\/urunlerimiz\/wp-content\/uploads\/2024\/02\/ozerlat_ekim-61-1202x800.jpg 1202w, https:\/\/www.ozerlat.com\/urunlerimiz\/wp-content\/uploads\/2024\/02\/ozerlat_ekim-61-768x511.jpg 768w, https:\/\/www.ozerlat.com\/urunlerimiz\/wp-content\/uploads\/2024\/02\/ozerlat_ekim-61-1536x1022.jpg 1536w, https:\/\/www.ozerlat.com\/urunlerimiz\/wp-content\/uploads\/2024\/02\/ozerlat_ekim-61-2048x1363.jpg 2048w, https:\/\/www.ozerlat.com\/urunlerimiz\/wp-content\/uploads\/2024\/02\/ozerlat_ekim-61-860x572.jpg 860w, https:\/\/www.ozerlat.com\/urunlerimiz\/wp-content\/uploads\/2024\/02\/ozerlat_ekim-61-430x286.jpg 430w, https:\/\/www.ozerlat.com\/urunlerimiz\/wp-content\/uploads\/2024\/02\/ozerlat_ekim-61-700x466.jpg 700w, https:\/\/www.ozerlat.com\/urunlerimiz\/wp-content\/uploads\/2024\/02\/ozerlat_ekim-61-150x100.jpg 150w\" sizes=\"(max-width: 2560px) 100vw, 2560px\" \/>\t\t\t\t\t<\/div>\n\n\t\t\t\t\t\t<\/div>\n\t\t\t\t<\/div>\n\t\t\t\t<\/div>\n\t\t\t\t\t<\/div>\n\t\t\t\t<\/div>\n\t\t\t\t<section class=\"elementor-section elementor-top-section elementor-element elementor-element-6a72b71f elementor-section-boxed elementor-section-height-default elementor-section-height-default wd-section-disabled\" data-id=\"6a72b71f\" data-element_type=\"section\" data-settings=\"{&quot;background_background&quot;:&quot;classic&quot;}\">\n\t\t\t\t\t\t<div class=\"elementor-container elementor-column-gap-default\">\n\t\t\t\t\t<div class=\"elementor-column elementor-col-100 elementor-top-column elementor-element elementor-element-5dc356cb\" data-id=\"5dc356cb\" data-element_type=\"column\">\n\t\t\t<div class=\"elementor-widget-wrap elementor-element-populated\">\n\t\t\t\t\t\t<div class=\"elementor-element elementor-element-4666a688 elementor-widget elementor-widget-wd_title\" data-id=\"4666a688\" data-element_type=\"widget\" data-widget_type=\"wd_title.default\">\n\t\t\t\t<div class=\"elementor-widget-container\">\n\t\t\t\t\t\t\t<div class=\"title-wrapper set-mb-s reset-last-child wd-title-color-default wd-title-style-default wd-title-size-large text-center\">\n\n\t\t\t\n\t\t\t<div class=\"liner-continer\">\n\t\t\t\t<h4 class=\"woodmart-title-container title wd-fontsize-xxl\">En \u00c7ok Tercih Edilen \u00dcr\u00fcnlerimiz<\/h4> \n\t\t\t\t\t\t\t<\/div>\n\n\t\t\t\t\t<\/div>\n\t\t\t\t\t\t<\/div>\n\t\t\t\t<\/div>\n\t\t\t\t<div class=\"elementor-element elementor-element-2f2cc97c elementor-widget elementor-widget-wd_products\" data-id=\"2f2cc97c\" data-element_type=\"widget\" data-widget_type=\"wd_products.default\">\n\t\t\t\t<div class=\"elementor-widget-container\">\n\t\t\t\t\t\t\t\t\t\t<div class=\"wd-products-element\">\n\n\t\t\t\n\t\t\t\n\t\t\t\n\t\t\t<div class=\"products elements-grid row wd-products-holder pagination- wd-spacing-20 grid-columns-4 align-items-start\" data-paged=\"1\" data-atts=\"{&quot;element_title&quot;:&quot;&quot;,&quot;title_alignment&quot;:&quot;left&quot;,&quot;query_post_type&quot;:&quot;product&quot;,&quot;post_type&quot;:&quot;ids&quot;,&quot;include&quot;:[&quot;270&quot;,&quot;15685&quot;,&quot;15691&quot;,&quot;15725&quot;,&quot;15673&quot;,&quot;15669&quot;,&quot;15676&quot;,&quot;15695&quot;],&quot;taxonomies&quot;:null,&quot;offset&quot;:null,&quot;orderby&quot;:&quot;id&quot;,&quot;query_type&quot;:&quot;AND&quot;,&quot;order&quot;:null,&quot;meta_key&quot;:null,&quot;exclude&quot;:null,&quot;shop_tools&quot;:null,&quot;hide_out_of_stock&quot;:&quot;no&quot;,&quot;ajax_recently_viewed&quot;:null,&quot;speed&quot;:null,&quot;slides_per_view&quot;:null,&quot;slides_per_view_tablet&quot;:{&quot;size&quot;:&quot;&quot;},&quot;slides_per_view_mobile&quot;:{&quot;size&quot;:&quot;&quot;},&quot;wrap&quot;:null,&quot;autoplay&quot;:null,&quot;center_mode&quot;:null,&quot;hide_pagination_control&quot;:null,&quot;hide_prev_next_buttons&quot;:null,&quot;scroll_per_page&quot;:null,&quot;layout&quot;:&quot;grid&quot;,&quot;pagination&quot;:&quot;&quot;,&quot;items_per_page&quot;:8,&quot;spacing&quot;:&quot;20&quot;,&quot;columns&quot;:{&quot;unit&quot;:&quot;px&quot;,&quot;size&quot;:4,&quot;sizes&quot;:[]},&quot;columns_tablet&quot;:{&quot;size&quot;:&quot;&quot;},&quot;columns_mobile&quot;:{&quot;size&quot;:&quot;&quot;},&quot;products_masonry&quot;:&quot;disable&quot;,&quot;products_different_sizes&quot;:&quot;disable&quot;,&quot;product_quantity&quot;:&quot;&quot;,&quot;product_hover&quot;:&quot;icons&quot;,&quot;sale_countdown&quot;:&quot;0&quot;,&quot;stretch_product&quot;:&quot;0&quot;,&quot;stretch_product_tablet&quot;:0,&quot;stretch_product_mobile&quot;:0,&quot;stock_progress_bar&quot;:&quot;0&quot;,&quot;highlighted_products&quot;:&quot;0&quot;,&quot;products_bordered_grid&quot;:&quot;0&quot;,&quot;products_bordered_grid_style&quot;:null,&quot;products_with_background&quot;:&quot;0&quot;,&quot;products_shadow&quot;:&quot;0&quot;,&quot;products_color_scheme&quot;:&quot;default&quot;,&quot;img_size&quot;:&quot;custom&quot;,&quot;img_size_custom&quot;:{&quot;width&quot;:&quot;430&quot;,&quot;height&quot;:&quot;487&quot;},&quot;grid_gallery&quot;:&quot;&quot;,&quot;grid_gallery_control&quot;:null,&quot;grid_gallery_enable_arrows&quot;:null,&quot;ajax_page&quot;:&quot;&quot;,&quot;force_not_ajax&quot;:&quot;no&quot;,&quot;lazy_loading&quot;:&quot;no&quot;,&quot;scroll_carousel_init&quot;:null,&quot;custom_sizes&quot;:false,&quot;elementor&quot;:true}\" data-source=\"shortcode\" data-columns=\"4\" data-grid-gallery=\"\">\n\t\t\n\t\t\n\t\t\t\t\t\t\t\t<div class=\"product-grid-item product wd-hover-icons  col-lg-3 col-md-3 col-6 first  type-product post-270 status-publish instock product_cat-turk-kahvesi has-post-thumbnail shipping-taxable product-type-simple\" data-loop=\"1\" data-id=\"270\">\n\t\n\t<div class=\"product-wrapper\">\n\t<div class=\"product-element-top wd-quick-shop\">\n\t\t<a href=\"https:\/\/www.ozerlat.com\/urunlerimiz\/urun\/tek-kavrulmus-turk-kahvesi-125gr\/\" class=\"product-image-link\">\n\t\t\t<img decoding=\"async\" src=\"https:\/\/www.ozerlat.com\/urunlerimiz\/wp-content\/uploads\/2021\/08\/Tek_Kavrulmus_125_01-1.jpg\" title=\"Tek_Kavrulmus_125_01\" alt=\"Tek_Kavrulmus_125_01\" loading=\"lazy\" \/>\t\t<\/a>\n\n\t\t\t\t\t<div class=\"hover-img\">\n\t\t\t\t<a href=\"https:\/\/www.ozerlat.com\/urunlerimiz\/urun\/tek-kavrulmus-turk-kahvesi-125gr\/\">\n\t\t\t\t\t<img decoding=\"async\" src=\"https:\/\/www.ozerlat.com\/urunlerimiz\/wp-content\/uploads\/2021\/08\/Tek_Kavrulmus_125_02.jpg\" title=\"Tek_Kavrulmus_125_02\" alt=\"Tek_Kavrulmus_125_02\" loading=\"lazy\" \/>\t\t\t\t<\/a>\n\t\t\t<\/div>\n\t\t\t\n\t\t<div class=\"wrapp-buttons\">\n\t\t\t<div class=\"wd-buttons\">\n\t\t\t\t<div class=\"wd-add-btn wd-action-btn wd-style-icon wd-add-cart-icon\"><\/div>\n\t\t\t\t\t\t\t\t\t\t\t\t\t\t\t\t\t\t\t\t\t\t\t<\/div> \n\t\t<\/div>\n\t<\/div>\n\t\t\t\t\t<h3 class=\"wd-entities-title\"><a href=\"https:\/\/www.ozerlat.com\/urunlerimiz\/urun\/tek-kavrulmus-turk-kahvesi-125gr\/\">Tek Kavrulmu\u015f T\u00fcrk Kahvesi &#8211; 125gr<\/a><\/h3>\t\t\t\t<div class=\"wd-product-cats\">\n\t\t\t<a href=\"https:\/\/www.ozerlat.com\/urunlerimiz\/urun-kategori\/turk-kahvesi\/\" rel=\"tag\">T\u00fcrk Kahvesi<\/a>\t\t<\/div>\n\t\t\t\t\t\t\n\n\t\t\n\t\t\n\t\t\t<\/div>\n<\/div>\n\t\t\t\t\t\t\t\t<div class=\"product-grid-item product wd-hover-icons  col-lg-3 col-md-3 col-6 type-product post-15669 status-publish instock product_cat-turk-kahvesi has-post-thumbnail shipping-taxable product-type-simple\" data-loop=\"2\" data-id=\"15669\">\n\t\n\t<div class=\"product-wrapper\">\n\t<div class=\"product-element-top wd-quick-shop\">\n\t\t<a href=\"https:\/\/www.ozerlat.com\/urunlerimiz\/urun\/tek-kavrulmus-turk-kahvesi-500gr\/\" class=\"product-image-link\">\n\t\t\t<img decoding=\"async\" src=\"https:\/\/www.ozerlat.com\/urunlerimiz\/wp-content\/uploads\/2024\/02\/Tek_Kavrulmus_500_01.jpg\" title=\"Tek_Kavrulmus_500_01\" alt=\"Tek_Kavrulmus_500_01\" loading=\"lazy\" \/>\t\t<\/a>\n\n\t\t\t\t\t<div class=\"hover-img\">\n\t\t\t\t<a href=\"https:\/\/www.ozerlat.com\/urunlerimiz\/urun\/tek-kavrulmus-turk-kahvesi-500gr\/\">\n\t\t\t\t\t<img decoding=\"async\" src=\"https:\/\/www.ozerlat.com\/urunlerimiz\/wp-content\/uploads\/2024\/02\/Tek_Kavrulmus_500_02.jpg\" title=\"Tek_Kavrulmus_500_02\" alt=\"Tek_Kavrulmus_500_02\" loading=\"lazy\" \/>\t\t\t\t<\/a>\n\t\t\t<\/div>\n\t\t\t\n\t\t<div class=\"wrapp-buttons\">\n\t\t\t<div class=\"wd-buttons\">\n\t\t\t\t<div class=\"wd-add-btn wd-action-btn wd-style-icon wd-add-cart-icon\"><\/div>\n\t\t\t\t\t\t\t\t\t\t\t\t\t\t\t\t\t\t\t\t\t\t\t<\/div> \n\t\t<\/div>\n\t<\/div>\n\t\t\t\t\t<h3 class=\"wd-entities-title\"><a href=\"https:\/\/www.ozerlat.com\/urunlerimiz\/urun\/tek-kavrulmus-turk-kahvesi-500gr\/\">Tek Kavrulmu\u015f T\u00fcrk Kahvesi &#8211; 500gr<\/a><\/h3>\t\t\t\t<div class=\"wd-product-cats\">\n\t\t\t<a href=\"https:\/\/www.ozerlat.com\/urunlerimiz\/urun-kategori\/turk-kahvesi\/\" rel=\"tag\">T\u00fcrk Kahvesi<\/a>\t\t<\/div>\n\t\t\t\t\t\t\n\n\t\t\n\t\t\n\t\t\t<\/div>\n<\/div>\n\t\t\t\t\t\t\t\t<div class=\"product-grid-item product wd-hover-icons  col-lg-3 col-md-3 col-6 type-product post-15673 status-publish last instock product_cat-turk-kahvesi has-post-thumbnail shipping-taxable product-type-simple\" data-loop=\"3\" data-id=\"15673\">\n\t\n\t<div class=\"product-wrapper\">\n\t<div class=\"product-element-top wd-quick-shop\">\n\t\t<a href=\"https:\/\/www.ozerlat.com\/urunlerimiz\/urun\/cifte-kavrulmus-turk-kahvesi-250gr\/\" class=\"product-image-link\">\n\t\t\t<img decoding=\"async\" src=\"https:\/\/www.ozerlat.com\/urunlerimiz\/wp-content\/uploads\/2024\/02\/cifte_Kavrulmus_250gr_01-1.jpg\" title=\"cifte_Kavrulmus_250gr_01\" alt=\"cifte_Kavrulmus_250gr_01\" loading=\"lazy\" \/>\t\t<\/a>\n\n\t\t\t\t\t<div class=\"hover-img\">\n\t\t\t\t<a href=\"https:\/\/www.ozerlat.com\/urunlerimiz\/urun\/cifte-kavrulmus-turk-kahvesi-250gr\/\">\n\t\t\t\t\t<img decoding=\"async\" src=\"https:\/\/www.ozerlat.com\/urunlerimiz\/wp-content\/uploads\/2024\/02\/cifte_Kavrulmus_250gr_02-1.jpg\" title=\"cifte_Kavrulmus_250gr_02\" alt=\"cifte_Kavrulmus_250gr_02\" loading=\"lazy\" \/>\t\t\t\t<\/a>\n\t\t\t<\/div>\n\t\t\t\n\t\t<div class=\"wrapp-buttons\">\n\t\t\t<div class=\"wd-buttons\">\n\t\t\t\t<div class=\"wd-add-btn wd-action-btn wd-style-icon wd-add-cart-icon\"><\/div>\n\t\t\t\t\t\t\t\t\t\t\t\t\t\t\t\t\t\t\t\t\t\t\t<\/div> \n\t\t<\/div>\n\t<\/div>\n\t\t\t\t\t<h3 class=\"wd-entities-title\"><a href=\"https:\/\/www.ozerlat.com\/urunlerimiz\/urun\/cifte-kavrulmus-turk-kahvesi-250gr\/\">\u00c7ifte Kavrulmu\u015f T\u00fcrk Kahvesi &#8211; 250gr<\/a><\/h3>\t\t\t\t<div class=\"wd-product-cats\">\n\t\t\t<a href=\"https:\/\/www.ozerlat.com\/urunlerimiz\/urun-kategori\/turk-kahvesi\/\" rel=\"tag\">T\u00fcrk Kahvesi<\/a>\t\t<\/div>\n\t\t\t\t\t\t\n\n\t\t\n\t\t\n\t\t\t<\/div>\n<\/div>\n\t\t\t\t\t\t\t\t<div class=\"product-grid-item product wd-hover-icons  col-lg-3 col-md-3 col-6 last  type-product post-15676 status-publish first instock product_cat-turk-kahvesi has-post-thumbnail shipping-taxable product-type-simple\" data-loop=\"4\" data-id=\"15676\">\n\t\n\t<div class=\"product-wrapper\">\n\t<div class=\"product-element-top wd-quick-shop\">\n\t\t<a href=\"https:\/\/www.ozerlat.com\/urunlerimiz\/urun\/cifte-kavrulmus-turk-kahvesi-500gr\/\" class=\"product-image-link\">\n\t\t\t<img decoding=\"async\" src=\"https:\/\/www.ozerlat.com\/urunlerimiz\/wp-content\/uploads\/2024\/02\/cifte_Kavrulmus_500gr_01-1.jpg\" title=\"cifte_Kavrulmus_500gr_01\" alt=\"cifte_Kavrulmus_500gr_01\" loading=\"lazy\" \/>\t\t<\/a>\n\n\t\t\t\t\t<div class=\"hover-img\">\n\t\t\t\t<a href=\"https:\/\/www.ozerlat.com\/urunlerimiz\/urun\/cifte-kavrulmus-turk-kahvesi-500gr\/\">\n\t\t\t\t\t<img decoding=\"async\" src=\"https:\/\/www.ozerlat.com\/urunlerimiz\/wp-content\/uploads\/2024\/02\/cifte_Kavrulmus_500gr_02-1.jpg\" title=\"cifte_Kavrulmus_500gr_02\" alt=\"cifte_Kavrulmus_500gr_02\" loading=\"lazy\" \/>\t\t\t\t<\/a>\n\t\t\t<\/div>\n\t\t\t\n\t\t<div class=\"wrapp-buttons\">\n\t\t\t<div class=\"wd-buttons\">\n\t\t\t\t<div class=\"wd-add-btn wd-action-btn wd-style-icon wd-add-cart-icon\"><\/div>\n\t\t\t\t\t\t\t\t\t\t\t\t\t\t\t\t\t\t\t\t\t\t\t<\/div> \n\t\t<\/div>\n\t<\/div>\n\t\t\t\t\t<h3 class=\"wd-entities-title\"><a href=\"https:\/\/www.ozerlat.com\/urunlerimiz\/urun\/cifte-kavrulmus-turk-kahvesi-500gr\/\">\u00c7ifte Kavrulmu\u015f T\u00fcrk Kahvesi &#8211; 500gr<\/a><\/h3>\t\t\t\t<div class=\"wd-product-cats\">\n\t\t\t<a href=\"https:\/\/www.ozerlat.com\/urunlerimiz\/urun-kategori\/turk-kahvesi\/\" rel=\"tag\">T\u00fcrk Kahvesi<\/a>\t\t<\/div>\n\t\t\t\t\t\t\n\n\t\t\n\t\t\n\t\t\t<\/div>\n<\/div>\n\t\t\t\t\t\t\t\t<div class=\"product-grid-item product wd-hover-icons  col-lg-3 col-md-3 col-6 first  type-product post-15685 status-publish instock product_cat-filtre-kahve has-post-thumbnail shipping-taxable product-type-simple\" data-loop=\"5\" data-id=\"15685\">\n\t\n\t<div class=\"product-wrapper\">\n\t<div class=\"product-element-top wd-quick-shop\">\n\t\t<a href=\"https:\/\/www.ozerlat.com\/urunlerimiz\/urun\/filtre-kahve-arasta-blend-350gr\/\" class=\"product-image-link\">\n\t\t\t<img decoding=\"async\" src=\"https:\/\/www.ozerlat.com\/urunlerimiz\/wp-content\/uploads\/2024\/02\/filtre_Arasta_Blend_350_01.jpg\" title=\"filtre_Arasta_Blend_350_01\" alt=\"filtre_Arasta_Blend_350_01\" loading=\"lazy\" \/>\t\t<\/a>\n\n\t\t\t\t\t<div class=\"hover-img\">\n\t\t\t\t<a href=\"https:\/\/www.ozerlat.com\/urunlerimiz\/urun\/filtre-kahve-arasta-blend-350gr\/\">\n\t\t\t\t\t<img decoding=\"async\" src=\"https:\/\/www.ozerlat.com\/urunlerimiz\/wp-content\/uploads\/2024\/02\/filtre_Arasta_Blend_350_02.jpg\" title=\"filtre_Arasta_Blend_350_02\" alt=\"filtre_Arasta_Blend_350_02\" loading=\"lazy\" \/>\t\t\t\t<\/a>\n\t\t\t<\/div>\n\t\t\t\n\t\t<div class=\"wrapp-buttons\">\n\t\t\t<div class=\"wd-buttons\">\n\t\t\t\t<div class=\"wd-add-btn wd-action-btn wd-style-icon wd-add-cart-icon\"><\/div>\n\t\t\t\t\t\t\t\t\t\t\t\t\t\t\t\t\t\t\t\t\t\t\t<\/div> \n\t\t<\/div>\n\t<\/div>\n\t\t\t\t\t<h3 class=\"wd-entities-title\"><a href=\"https:\/\/www.ozerlat.com\/urunlerimiz\/urun\/filtre-kahve-arasta-blend-350gr\/\">Filtre Kahve-Arasta Blend &#8211; 350GR<\/a><\/h3>\t\t\t\t<div class=\"wd-product-cats\">\n\t\t\t<a href=\"https:\/\/www.ozerlat.com\/urunlerimiz\/urun-kategori\/filtre-kahve\/\" rel=\"tag\">Filtre Kahve<\/a>\t\t<\/div>\n\t\t\t\t\t\t\n\n\t\t\n\t\t\n\t\t\t<\/div>\n<\/div>\n\t\t\t\t\t\t\t\t<div class=\"product-grid-item product wd-hover-icons  col-lg-3 col-md-3 col-6 type-product post-15691 status-publish instock product_cat-espresso has-post-thumbnail shipping-taxable product-type-simple\" data-loop=\"6\" data-id=\"15691\">\n\t\n\t<div class=\"product-wrapper\">\n\t<div class=\"product-element-top wd-quick-shop\">\n\t\t<a href=\"https:\/\/www.ozerlat.com\/urunlerimiz\/urun\/espresso-kahve-ermou-blend-ogutulmus-500gr\/\" class=\"product-image-link\">\n\t\t\t<img decoding=\"async\" src=\"https:\/\/www.ozerlat.com\/urunlerimiz\/wp-content\/uploads\/2024\/02\/Espresso_ogutulmus_01.jpg\" title=\"Espresso_ogutulmus_01\" alt=\"Espresso_ogutulmus_01\" loading=\"lazy\" \/>\t\t<\/a>\n\n\t\t\t\t\t<div class=\"hover-img\">\n\t\t\t\t<a href=\"https:\/\/www.ozerlat.com\/urunlerimiz\/urun\/espresso-kahve-ermou-blend-ogutulmus-500gr\/\">\n\t\t\t\t\t<img decoding=\"async\" src=\"https:\/\/www.ozerlat.com\/urunlerimiz\/wp-content\/uploads\/2024\/02\/espresso_ogutulmus_02.jpg\" title=\"espresso_ogutulmus_02\" alt=\"espresso_ogutulmus_02\" loading=\"lazy\" \/>\t\t\t\t<\/a>\n\t\t\t<\/div>\n\t\t\t\n\t\t<div class=\"wrapp-buttons\">\n\t\t\t<div class=\"wd-buttons\">\n\t\t\t\t<div class=\"wd-add-btn wd-action-btn wd-style-icon wd-add-cart-icon\"><\/div>\n\t\t\t\t\t\t\t\t\t\t\t\t\t\t\t\t\t\t\t\t\t\t\t<\/div> \n\t\t<\/div>\n\t<\/div>\n\t\t\t\t\t<h3 class=\"wd-entities-title\"><a href=\"https:\/\/www.ozerlat.com\/urunlerimiz\/urun\/espresso-kahve-ermou-blend-ogutulmus-500gr\/\">Espresso Kahve-Ermou Blend \u00d6\u011f\u00fct\u00fclm\u00fc\u015f &#8211; 500gr<\/a><\/h3>\t\t\t\t<div class=\"wd-product-cats\">\n\t\t\t<a href=\"https:\/\/www.ozerlat.com\/urunlerimiz\/urun-kategori\/espresso\/\" rel=\"tag\">Espresso<\/a>\t\t<\/div>\n\t\t\t\t\t\t\n\n\t\t\n\t\t\n\t\t\t<\/div>\n<\/div>\n\t\t\t\t\t\t\t\t<div class=\"product-grid-item product wd-hover-icons  col-lg-3 col-md-3 col-6 type-product post-15695 status-publish last instock product_cat-kahve-aksesuarlari has-post-thumbnail shipping-taxable product-type-simple\" data-loop=\"7\" data-id=\"15695\">\n\t\n\t<div class=\"product-wrapper\">\n\t<div class=\"product-element-top wd-quick-shop\">\n\t\t<a href=\"https:\/\/www.ozerlat.com\/urunlerimiz\/urun\/soy-cezve-c2c3c4\/\" class=\"product-image-link\">\n\t\t\t<img decoding=\"async\" src=\"https:\/\/www.ozerlat.com\/urunlerimiz\/wp-content\/uploads\/2024\/02\/c1.jpg\" title=\"c1\" alt=\"c1\" loading=\"lazy\" \/>\t\t<\/a>\n\n\t\t\t\t\t<div class=\"hover-img\">\n\t\t\t\t<a href=\"https:\/\/www.ozerlat.com\/urunlerimiz\/urun\/soy-cezve-c2c3c4\/\">\n\t\t\t\t\t<img decoding=\"async\" src=\"https:\/\/www.ozerlat.com\/urunlerimiz\/wp-content\/uploads\/2024\/02\/c4.jpg\" title=\"c4\" alt=\"c4\" loading=\"lazy\" \/>\t\t\t\t<\/a>\n\t\t\t<\/div>\n\t\t\t\n\t\t<div class=\"wrapp-buttons\">\n\t\t\t<div class=\"wd-buttons\">\n\t\t\t\t<div class=\"wd-add-btn wd-action-btn wd-style-icon wd-add-cart-icon\"><\/div>\n\t\t\t\t\t\t\t\t\t\t\t\t\t\t\t\t\t\t\t\t\t\t\t<\/div> \n\t\t<\/div>\n\t<\/div>\n\t\t\t\t\t<h3 class=\"wd-entities-title\"><a href=\"https:\/\/www.ozerlat.com\/urunlerimiz\/urun\/soy-cezve-c2c3c4\/\">SOY Cezve C2,C3,C4<\/a><\/h3>\t\t\t\t<div class=\"wd-product-cats\">\n\t\t\t<a href=\"https:\/\/www.ozerlat.com\/urunlerimiz\/urun-kategori\/kahve-aksesuarlari\/\" rel=\"tag\">Kahve Aksesuarlar\u0131<\/a>\t\t<\/div>\n\t\t\t\t\t\t\n\n\t\t\n\t\t\n\t\t\t<\/div>\n<\/div>\n\t\t\t\t\t\t\t\t<div class=\"product-grid-item product wd-hover-icons  col-lg-3 col-md-3 col-6 last  type-product post-15725 status-publish first instock product_cat-kahve-aksesuarlari has-post-thumbnail shipping-taxable product-type-simple\" data-loop=\"8\" data-id=\"15725\">\n\t\n\t<div class=\"product-wrapper\">\n\t<div class=\"product-element-top wd-quick-shop\">\n\t\t<a href=\"https:\/\/www.ozerlat.com\/urunlerimiz\/urun\/wacaco-nanopresso\/\" class=\"product-image-link\">\n\t\t\t<img decoding=\"async\" src=\"https:\/\/www.ozerlat.com\/urunlerimiz\/wp-content\/uploads\/2024\/02\/nanoopresso.jpg\" title=\"nanoopresso\" alt=\"nanoopresso\" loading=\"lazy\" \/>\t\t<\/a>\n\n\t\t\t\t\t<div class=\"hover-img\">\n\t\t\t\t<a href=\"https:\/\/www.ozerlat.com\/urunlerimiz\/urun\/wacaco-nanopresso\/\">\n\t\t\t\t\t<img decoding=\"async\" src=\"https:\/\/www.ozerlat.com\/urunlerimiz\/wp-content\/uploads\/2024\/02\/nanoopresso.jpg\" title=\"nanoopresso\" alt=\"nanoopresso\" loading=\"lazy\" \/>\t\t\t\t<\/a>\n\t\t\t<\/div>\n\t\t\t\n\t\t<div class=\"wrapp-buttons\">\n\t\t\t<div class=\"wd-buttons\">\n\t\t\t\t<div class=\"wd-add-btn wd-action-btn wd-style-icon wd-add-cart-icon\"><\/div>\n\t\t\t\t\t\t\t\t\t\t\t\t\t\t\t\t\t\t\t\t\t\t\t<\/div> \n\t\t<\/div>\n\t<\/div>\n\t\t\t\t\t<h3 class=\"wd-entities-title\"><a href=\"https:\/\/www.ozerlat.com\/urunlerimiz\/urun\/wacaco-nanopresso\/\">Wacaco Nanopresso<\/a><\/h3>\t\t\t\t<div class=\"wd-product-cats\">\n\t\t\t<a href=\"https:\/\/www.ozerlat.com\/urunlerimiz\/urun-kategori\/kahve-aksesuarlari\/\" rel=\"tag\">Kahve Aksesuarlar\u0131<\/a>\t\t<\/div>\n\t\t\t\t\t\t\n\n\t\t\n\t\t\n\t\t\t<\/div>\n<\/div>\n\t\t\n\t\t\t\t<\/div>\n\t\n\t\t\n\t\t\n\t\t\t\t\t<\/div>\n\t\t\n\t\t\t\t\t\t<\/div>\n\t\t\t\t<\/div>\n\t\t\t\t\t<\/div>\n\t\t<\/div>\n\t\t\t\t\t<\/div>\n\t\t<\/section>\n\t\t\t\t<\/div>\n\t\t","protected":false},"excerpt":{"rendered":"<p>\u00dcR\u00dcNLER\u0130M\u0130Z T\u00fcrk Kahvesi Espresso Filtre Kahve \u00c7ay Kahve Aksesuarlar\u0131 En \u00c7ok Tercih Edilen \u00dcr\u00fcnlerimiz Tek Kavrulmu\u015f T\u00fcrk Kahvesi &#8211; 125gr<\/p>\n","protected":false},"author":1,"featured_media":0,"parent":0,"menu_order":0,"comment_status":"closed","ping_status":"closed","template":"","meta":{"_joinchat":[],"footnotes":""},"class_list":["post-7271","page","type-page","status-publish","hentry"],"_links":{"self":[{"href":"https:\/\/www.ozerlat.com\/urunlerimiz\/wp-json\/wp\/v2\/pages\/7271","targetHints":{"allow":["GET"]}}],"collection":[{"href":"https:\/\/www.ozerlat.com\/urunlerimiz\/wp-json\/wp\/v2\/pages"}],"about":[{"href":"https:\/\/www.ozerlat.com\/urunlerimiz\/wp-json\/wp\/v2\/types\/page"}],"author":[{"embeddable":true,"href":"https:\/\/www.ozerlat.com\/urunlerimiz\/wp-json\/wp\/v2\/users\/1"}],"replies":[{"embeddable":true,"href":"https:\/\/www.ozerlat.com\/urunlerimiz\/wp-json\/wp\/v2\/comments?post=7271"}],"version-history":[{"count":147,"href":"https:\/\/www.ozerlat.com\/urunlerimiz\/wp-json\/wp\/v2\/pages\/7271\/revisions"}],"predecessor-version":[{"id":16248,"href":"https:\/\/www.ozerlat.com\/urunlerimiz\/wp-json\/wp\/v2\/pages\/7271\/revisions\/16248"}],"wp:attachment":[{"href":"https:\/\/www.ozerlat.com\/urunlerimiz\/wp-json\/wp\/v2\/media?parent=7271"}],"curies":[{"name":"wp","href":"https:\/\/api.w.org\/{rel}","templated":true}]}}