{"id":15667,"date":"2024-02-18T19:04:52","date_gmt":"2024-02-18T19:04:52","guid":{"rendered":"https:\/\/www.ozerlat.com\/urunlerimiz\/?post_type=product&#038;p=15667"},"modified":"2024-10-09T11:43:00","modified_gmt":"2024-10-09T11:43:00","slug":"tek-kavrulmus-turk-kahvesi-250","status":"publish","type":"product","link":"https:\/\/www.ozerlat.com\/urunlerimiz\/urun\/tek-kavrulmus-turk-kahvesi-250\/","title":{"rendered":"Tek Kavrulmu\u015f T\u00fcrk Kahvesi &#8211; 250"},"content":{"rendered":"","protected":false},"excerpt":{"rendered":"<p>Hafif kavrulmas\u0131yla, se\u00e7kin 100% Arabica \u00e7ekirdeklerinin saf aromas\u0131 ve asiditesinin korundu\u011fu, g\u00fcn\u00fcm\u00fczde t\u00fcrk kahvesinin K\u0131br\u0131s\u2019taki en y\u00f6resel halidir.<\/p>\n","protected":false},"featured_media":16045,"template":"","meta":{"_joinchat":[]},"product_brand":[],"product_cat":[20],"product_tag":[],"class_list":{"0":"post-15667","1":"product","2":"type-product","3":"status-publish","4":"has-post-thumbnail","6":"product_cat-turk-kahvesi","8":"first","9":"instock","10":"shipping-taxable","11":"product-type-simple"},"_links":{"self":[{"href":"https:\/\/www.ozerlat.com\/urunlerimiz\/wp-json\/wp\/v2\/product\/15667","targetHints":{"allow":["GET"]}}],"collection":[{"href":"https:\/\/www.ozerlat.com\/urunlerimiz\/wp-json\/wp\/v2\/product"}],"about":[{"href":"https:\/\/www.ozerlat.com\/urunlerimiz\/wp-json\/wp\/v2\/types\/product"}],"version-history":[{"count":5,"href":"https:\/\/www.ozerlat.com\/urunlerimiz\/wp-json\/wp\/v2\/product\/15667\/revisions"}],"predecessor-version":[{"id":16044,"href":"https:\/\/www.ozerlat.com\/urunlerimiz\/wp-json\/wp\/v2\/product\/15667\/revisions\/16044"}],"wp:featuredmedia":[{"embeddable":true,"href":"https:\/\/www.ozerlat.com\/urunlerimiz\/wp-json\/wp\/v2\/media\/16045"}],"wp:attachment":[{"href":"https:\/\/www.ozerlat.com\/urunlerimiz\/wp-json\/wp\/v2\/media?parent=15667"}],"wp:term":[{"taxonomy":"product_brand","embeddable":true,"href":"https:\/\/www.ozerlat.com\/urunlerimiz\/wp-json\/wp\/v2\/product_brand?post=15667"},{"taxonomy":"product_cat","embeddable":true,"href":"https:\/\/www.ozerlat.com\/urunlerimiz\/wp-json\/wp\/v2\/product_cat?post=15667"},{"taxonomy":"product_tag","embeddable":true,"href":"https:\/\/www.ozerlat.com\/urunlerimiz\/wp-json\/wp\/v2\/product_tag?post=15667"}],"curies":[{"name":"wp","href":"https:\/\/api.w.org\/{rel}","templated":true}]}}