{"id":15673,"date":"2024-02-18T19:07:30","date_gmt":"2024-02-18T19:07:30","guid":{"rendered":"https:\/\/www.ozerlat.com\/urunlerimiz\/?post_type=product&#038;p=15673"},"modified":"2024-10-09T11:43:20","modified_gmt":"2024-10-09T11:43:20","slug":"cifte-kavrulmus-turk-kahvesi-250gr","status":"publish","type":"product","link":"https:\/\/www.ozerlat.com\/urunlerimiz\/urun\/cifte-kavrulmus-turk-kahvesi-250gr\/","title":{"rendered":"\u00c7ifte Kavrulmu\u015f T\u00fcrk Kahvesi &#8211; 250gr"},"content":{"rendered":"","protected":false},"excerpt":{"rendered":"<p>Ger\u00e7ek kahve merakl\u0131lar\u0131 i\u00e7in ideal olan 100% Arabica kahve \u00e7ekirdeklerinin asidite ve kahve aromas\u0131n\u0131n yo\u011funlu\u011funun dengeli tad\u0131na sahiptir. Kavurma tekni\u011finden \u00f6t\u00fcr\u00fc tad\u0131 ne \u00e7ok hafif ne de \u00e7ok serttir.<\/p>\n","protected":false},"featured_media":16037,"template":"","meta":{"_joinchat":[]},"product_brand":[],"product_cat":[20],"product_tag":[],"class_list":{"0":"post-15673","1":"product","2":"type-product","3":"status-publish","4":"has-post-thumbnail","6":"product_cat-turk-kahvesi","8":"first","9":"instock","10":"shipping-taxable","11":"product-type-simple"},"_links":{"self":[{"href":"https:\/\/www.ozerlat.com\/urunlerimiz\/wp-json\/wp\/v2\/product\/15673","targetHints":{"allow":["GET"]}}],"collection":[{"href":"https:\/\/www.ozerlat.com\/urunlerimiz\/wp-json\/wp\/v2\/product"}],"about":[{"href":"https:\/\/www.ozerlat.com\/urunlerimiz\/wp-json\/wp\/v2\/types\/product"}],"version-history":[{"count":5,"href":"https:\/\/www.ozerlat.com\/urunlerimiz\/wp-json\/wp\/v2\/product\/15673\/revisions"}],"predecessor-version":[{"id":15981,"href":"https:\/\/www.ozerlat.com\/urunlerimiz\/wp-json\/wp\/v2\/product\/15673\/revisions\/15981"}],"wp:featuredmedia":[{"embeddable":true,"href":"https:\/\/www.ozerlat.com\/urunlerimiz\/wp-json\/wp\/v2\/media\/16037"}],"wp:attachment":[{"href":"https:\/\/www.ozerlat.com\/urunlerimiz\/wp-json\/wp\/v2\/media?parent=15673"}],"wp:term":[{"taxonomy":"product_brand","embeddable":true,"href":"https:\/\/www.ozerlat.com\/urunlerimiz\/wp-json\/wp\/v2\/product_brand?post=15673"},{"taxonomy":"product_cat","embeddable":true,"href":"https:\/\/www.ozerlat.com\/urunlerimiz\/wp-json\/wp\/v2\/product_cat?post=15673"},{"taxonomy":"product_tag","embeddable":true,"href":"https:\/\/www.ozerlat.com\/urunlerimiz\/wp-json\/wp\/v2\/product_tag?post=15673"}],"curies":[{"name":"wp","href":"https:\/\/api.w.org\/{rel}","templated":true}]}}