{"id":15689,"date":"2024-02-18T19:20:54","date_gmt":"2024-02-18T19:20:54","guid":{"rendered":"https:\/\/www.ozerlat.com\/urunlerimiz\/?post_type=product&#038;p=15689"},"modified":"2024-10-10T11:06:43","modified_gmt":"2024-10-10T11:06:43","slug":"espresso-kahve-ermou-blend-cekirdek-500gr","status":"publish","type":"product","link":"https:\/\/www.ozerlat.com\/urunlerimiz\/urun\/espresso-kahve-ermou-blend-cekirdek-500gr\/","title":{"rendered":"Espresso Kahve-Ermou Blend \u00c7ekirdek &#8211; 500gr"},"content":{"rendered":"","protected":false},"excerpt":{"rendered":"<p>\u00d6zenle se\u00e7ilmi\u015f y\u00fcksek kaliteli Arabica t\u00fcr\u00fc \u00e7ekirdeklerden olu\u015fan Arasta Blend Filtre kahvemiz geleneksel ustal\u0131k ve titizlikle sizler i\u00e7in \u00f6zel olarak kavrulur. 350 gr ve 500gr\u2019l\u0131k ambalajlar\u0131 ileri teknolojiyle paketlendi\u011finden tazeli\u011fini iki y\u0131l korur.<\/p>\n","protected":false},"featured_media":16052,"template":"","meta":{"_joinchat":[]},"product_brand":[],"product_cat":[73],"product_tag":[],"class_list":{"0":"post-15689","1":"product","2":"type-product","3":"status-publish","4":"has-post-thumbnail","6":"product_cat-espresso","8":"first","9":"instock","10":"shipping-taxable","11":"product-type-simple"},"_links":{"self":[{"href":"https:\/\/www.ozerlat.com\/urunlerimiz\/wp-json\/wp\/v2\/product\/15689","targetHints":{"allow":["GET"]}}],"collection":[{"href":"https:\/\/www.ozerlat.com\/urunlerimiz\/wp-json\/wp\/v2\/product"}],"about":[{"href":"https:\/\/www.ozerlat.com\/urunlerimiz\/wp-json\/wp\/v2\/types\/product"}],"version-history":[{"count":6,"href":"https:\/\/www.ozerlat.com\/urunlerimiz\/wp-json\/wp\/v2\/product\/15689\/revisions"}],"predecessor-version":[{"id":16203,"href":"https:\/\/www.ozerlat.com\/urunlerimiz\/wp-json\/wp\/v2\/product\/15689\/revisions\/16203"}],"wp:featuredmedia":[{"embeddable":true,"href":"https:\/\/www.ozerlat.com\/urunlerimiz\/wp-json\/wp\/v2\/media\/16052"}],"wp:attachment":[{"href":"https:\/\/www.ozerlat.com\/urunlerimiz\/wp-json\/wp\/v2\/media?parent=15689"}],"wp:term":[{"taxonomy":"product_brand","embeddable":true,"href":"https:\/\/www.ozerlat.com\/urunlerimiz\/wp-json\/wp\/v2\/product_brand?post=15689"},{"taxonomy":"product_cat","embeddable":true,"href":"https:\/\/www.ozerlat.com\/urunlerimiz\/wp-json\/wp\/v2\/product_cat?post=15689"},{"taxonomy":"product_tag","embeddable":true,"href":"https:\/\/www.ozerlat.com\/urunlerimiz\/wp-json\/wp\/v2\/product_tag?post=15689"}],"curies":[{"name":"wp","href":"https:\/\/api.w.org\/{rel}","templated":true}]}}