{"id":15695,"date":"2024-02-18T19:24:37","date_gmt":"2024-02-18T19:24:37","guid":{"rendered":"https:\/\/www.ozerlat.com\/urunlerimiz\/?post_type=product&#038;p=15695"},"modified":"2024-10-09T11:40:41","modified_gmt":"2024-10-09T11:40:41","slug":"soy-cezve-c2c3c4","status":"publish","type":"product","link":"https:\/\/www.ozerlat.com\/urunlerimiz\/urun\/soy-cezve-c2c3c4\/","title":{"rendered":"SOY Cezve C2,C3,C4"},"content":{"rendered":"","protected":false},"excerpt":{"rendered":"<p>G\u00fczel bak\u0131r cezvemiz, \u00d6zerlat T\u00fcrk kahvesi demlemek i\u00e7in m\u00fckemmel bir se\u00e7enek!<\/p>\n<p>MALZEME \u2013 Y\u00fcksek dereceli 1,5 mm bak\u0131r (T\u00fcrk kahvesi i\u00e7in \u00e7ok \u00f6nemli olan e\u015fit iletkenlik i\u00e7in) g\u00fcm\u00fc\u015fle kaplanm\u0131\u015f (g\u0131da g\u00fcvenli\u011fi ve uzun \u00f6m\u00fcr i\u00e7in) ve bronzdan yap\u0131lm\u0131\u015f zarif bir sapla tamamlanm\u0131\u015ft\u0131r.<\/p>\n<p>T\u00dcRK\u0130YE&#8217;DE EL YAPIMI \u2013 Her \u00fcr\u00fcn\u0130stanbul&#8217;daki usta bir bak\u0131rc\u0131 taraf\u0131ndan elle \u015fekillendirilip d\u00f6v\u00fclerek cezveye benzersiz \u015fekil ve dayan\u0131kl\u0131l\u0131k kazand\u0131r\u0131l\u0131r.<\/p>\n<p>A\u0130LE TEDAR\u0130K\u00c7\u0130S\u0130 \u2013 \u00d6zel cezvemiz, T\u00fcrkiye&#8217;nin \u00fcnl\u00fc bak\u0131r geleneklerini yeniden canland\u0131rma konusunda tutkulu olan SOY T\u00fcrkiye adl\u0131 k\u00fc\u00e7\u00fck bir aile \u015firketi taraf\u0131ndan \u0130stanbul&#8217;da ayr\u0131 ayr\u0131 \u00fcretiliyor.<\/p>\n<p>Her kahve sever i\u00e7in ideal bir hediye; Do\u011fum g\u00fcn\u00fc hediyesi, y\u0131ld\u00f6n\u00fcm\u00fc hediyesi veya Noel hediyesi olarak m\u00fckemmel bir fikir!<\/p>\n","protected":false},"featured_media":16110,"template":"","meta":{"_joinchat":[]},"product_brand":[],"product_cat":[75],"product_tag":[],"class_list":{"0":"post-15695","1":"product","2":"type-product","3":"status-publish","4":"has-post-thumbnail","6":"product_cat-kahve-aksesuarlari","8":"first","9":"instock","10":"shipping-taxable","11":"product-type-simple"},"_links":{"self":[{"href":"https:\/\/www.ozerlat.com\/urunlerimiz\/wp-json\/wp\/v2\/product\/15695","targetHints":{"allow":["GET"]}}],"collection":[{"href":"https:\/\/www.ozerlat.com\/urunlerimiz\/wp-json\/wp\/v2\/product"}],"about":[{"href":"https:\/\/www.ozerlat.com\/urunlerimiz\/wp-json\/wp\/v2\/types\/product"}],"version-history":[{"count":5,"href":"https:\/\/www.ozerlat.com\/urunlerimiz\/wp-json\/wp\/v2\/product\/15695\/revisions"}],"predecessor-version":[{"id":15909,"href":"https:\/\/www.ozerlat.com\/urunlerimiz\/wp-json\/wp\/v2\/product\/15695\/revisions\/15909"}],"wp:featuredmedia":[{"embeddable":true,"href":"https:\/\/www.ozerlat.com\/urunlerimiz\/wp-json\/wp\/v2\/media\/16110"}],"wp:attachment":[{"href":"https:\/\/www.ozerlat.com\/urunlerimiz\/wp-json\/wp\/v2\/media?parent=15695"}],"wp:term":[{"taxonomy":"product_brand","embeddable":true,"href":"https:\/\/www.ozerlat.com\/urunlerimiz\/wp-json\/wp\/v2\/product_brand?post=15695"},{"taxonomy":"product_cat","embeddable":true,"href":"https:\/\/www.ozerlat.com\/urunlerimiz\/wp-json\/wp\/v2\/product_cat?post=15695"},{"taxonomy":"product_tag","embeddable":true,"href":"https:\/\/www.ozerlat.com\/urunlerimiz\/wp-json\/wp\/v2\/product_tag?post=15695"}],"curies":[{"name":"wp","href":"https:\/\/api.w.org\/{rel}","templated":true}]}}