{"id":15707,"date":"2024-02-18T19:28:37","date_gmt":"2024-02-18T19:28:37","guid":{"rendered":"https:\/\/www.ozerlat.com\/urunlerimiz\/?post_type=product&#038;p=15707"},"modified":"2024-10-09T11:41:29","modified_gmt":"2024-10-09T11:41:29","slug":"moka-pot-6-cups","status":"publish","type":"product","link":"https:\/\/www.ozerlat.com\/urunlerimiz\/urun\/moka-pot-6-cups\/","title":{"rendered":"Moka Pot- 6 cups"},"content":{"rendered":"","protected":false},"excerpt":{"rendered":"<p>Saf ve lezzetli espresso keyfini art\u0131k \u00d6zerlat Mokapot ile evinize ta\u015f\u0131yabilirsiniz. \u0130talyan tipi espresso kahve severlerin vazge\u00e7ilmezi moka pot ile kahve alttan \u0131s\u0131t\u0131larak bas\u0131n\u00e7 yard\u0131m\u0131yla demleniyor. Moka pot ile demleme y\u00f6ntemini \u00d6zerlat Ermou Blend Espresso kahvesi ile denemenizi tavsiye ederiz.<\/p>\n","protected":false},"featured_media":16070,"template":"","meta":{"_joinchat":[]},"product_brand":[],"product_cat":[75],"product_tag":[],"class_list":{"0":"post-15707","1":"product","2":"type-product","3":"status-publish","4":"has-post-thumbnail","6":"product_cat-kahve-aksesuarlari","8":"first","9":"instock","10":"shipping-taxable","11":"product-type-simple"},"_links":{"self":[{"href":"https:\/\/www.ozerlat.com\/urunlerimiz\/wp-json\/wp\/v2\/product\/15707","targetHints":{"allow":["GET"]}}],"collection":[{"href":"https:\/\/www.ozerlat.com\/urunlerimiz\/wp-json\/wp\/v2\/product"}],"about":[{"href":"https:\/\/www.ozerlat.com\/urunlerimiz\/wp-json\/wp\/v2\/types\/product"}],"version-history":[{"count":6,"href":"https:\/\/www.ozerlat.com\/urunlerimiz\/wp-json\/wp\/v2\/product\/15707\/revisions"}],"predecessor-version":[{"id":16069,"href":"https:\/\/www.ozerlat.com\/urunlerimiz\/wp-json\/wp\/v2\/product\/15707\/revisions\/16069"}],"wp:featuredmedia":[{"embeddable":true,"href":"https:\/\/www.ozerlat.com\/urunlerimiz\/wp-json\/wp\/v2\/media\/16070"}],"wp:attachment":[{"href":"https:\/\/www.ozerlat.com\/urunlerimiz\/wp-json\/wp\/v2\/media?parent=15707"}],"wp:term":[{"taxonomy":"product_brand","embeddable":true,"href":"https:\/\/www.ozerlat.com\/urunlerimiz\/wp-json\/wp\/v2\/product_brand?post=15707"},{"taxonomy":"product_cat","embeddable":true,"href":"https:\/\/www.ozerlat.com\/urunlerimiz\/wp-json\/wp\/v2\/product_cat?post=15707"},{"taxonomy":"product_tag","embeddable":true,"href":"https:\/\/www.ozerlat.com\/urunlerimiz\/wp-json\/wp\/v2\/product_tag?post=15707"}],"curies":[{"name":"wp","href":"https:\/\/api.w.org\/{rel}","templated":true}]}}