{"id":15728,"date":"2024-02-18T19:34:31","date_gmt":"2024-02-18T19:34:31","guid":{"rendered":"https:\/\/www.ozerlat.com\/urunlerimiz\/?post_type=product&#038;p=15728"},"modified":"2024-10-10T10:52:12","modified_gmt":"2024-10-10T10:52:12","slug":"wacaco-barista-kit","status":"publish","type":"product","link":"https:\/\/www.ozerlat.com\/urunlerimiz\/urun\/wacaco-barista-kit\/","title":{"rendered":"Wacaco Barista Kit"},"content":{"rendered":"","protected":false},"excerpt":{"rendered":"<p>[B\u00dcY\u00dcK SU DEPOSU] Barista kiti sadece Nanopresso makinesi i\u00e7in sadece bir aksesuard\u0131r! Nanopresso Barista Kiti, k\u00fc\u00e7\u00fck bir kapta paketlenmi\u015f eksiksiz bir aksesuar setidir. 120 ml&#8217;ye kadar double espresso (16 gram \u00f6\u011f\u00fct\u00fclm\u00fc\u015f kahve) haz\u0131rlama imkan\u0131 vererek Nanopresso&#8217;nun kapasitesini geni\u015fletir.<\/p>\n","protected":false},"featured_media":16201,"template":"","meta":{"_joinchat":[]},"product_brand":[],"product_cat":[75],"product_tag":[],"class_list":{"0":"post-15728","1":"product","2":"type-product","3":"status-publish","4":"has-post-thumbnail","6":"product_cat-kahve-aksesuarlari","8":"first","9":"instock","10":"shipping-taxable","11":"product-type-simple"},"_links":{"self":[{"href":"https:\/\/www.ozerlat.com\/urunlerimiz\/wp-json\/wp\/v2\/product\/15728","targetHints":{"allow":["GET"]}}],"collection":[{"href":"https:\/\/www.ozerlat.com\/urunlerimiz\/wp-json\/wp\/v2\/product"}],"about":[{"href":"https:\/\/www.ozerlat.com\/urunlerimiz\/wp-json\/wp\/v2\/types\/product"}],"version-history":[{"count":6,"href":"https:\/\/www.ozerlat.com\/urunlerimiz\/wp-json\/wp\/v2\/product\/15728\/revisions"}],"predecessor-version":[{"id":16200,"href":"https:\/\/www.ozerlat.com\/urunlerimiz\/wp-json\/wp\/v2\/product\/15728\/revisions\/16200"}],"wp:featuredmedia":[{"embeddable":true,"href":"https:\/\/www.ozerlat.com\/urunlerimiz\/wp-json\/wp\/v2\/media\/16201"}],"wp:attachment":[{"href":"https:\/\/www.ozerlat.com\/urunlerimiz\/wp-json\/wp\/v2\/media?parent=15728"}],"wp:term":[{"taxonomy":"product_brand","embeddable":true,"href":"https:\/\/www.ozerlat.com\/urunlerimiz\/wp-json\/wp\/v2\/product_brand?post=15728"},{"taxonomy":"product_cat","embeddable":true,"href":"https:\/\/www.ozerlat.com\/urunlerimiz\/wp-json\/wp\/v2\/product_cat?post=15728"},{"taxonomy":"product_tag","embeddable":true,"href":"https:\/\/www.ozerlat.com\/urunlerimiz\/wp-json\/wp\/v2\/product_tag?post=15728"}],"curies":[{"name":"wp","href":"https:\/\/api.w.org\/{rel}","templated":true}]}}